{"id":1211,"date":"2026-03-08T23:14:50","date_gmt":"2026-03-08T23:14:50","guid":{"rendered":"https:\/\/najahlabs.com\/vacanzamarocco\/\/?page_id=1211"},"modified":"2026-03-28T01:42:54","modified_gmt":"2026-03-28T01:42:54","slug":"attivita","status":"publish","type":"page","link":"https:\/\/najahlabs.com\/vacanzamarocco\/attivita\/","title":{"rendered":"Attivit\u00e0"},"content":{"rendered":"\t\t<div data-elementor-type=\"wp-page\" data-elementor-id=\"1211\" class=\"elementor elementor-1211\">\n\t\t\t\t\t\t<section class=\"elementor-section elementor-top-section elementor-element elementor-element-747711b elementor-section-boxed elementor-section-height-default elementor-section-height-default row-top\" data-id=\"747711b\" data-element_type=\"section\" data-e-type=\"section\">\n\t\t\t\t\t\t<div class=\"elementor-container elementor-column-gap-default\">\n\t\t\t\t\t<div class=\"elementor-column elementor-col-100 elementor-top-column elementor-element elementor-element-8a6e21c\" data-id=\"8a6e21c\" data-element_type=\"column\" data-e-type=\"column\">\n\t\t\t<div class=\"elementor-widget-wrap elementor-element-populated\">\n\t\t\t\t\t\t<div class=\"elementor-element elementor-element-cc38738 elementor-widget elementor-widget-gva-heading-block\" data-id=\"cc38738\" data-element_type=\"widget\" data-e-type=\"widget\" data-widget_type=\"gva-heading-block.default\">\n\t\t\t\t<div class=\"elementor-widget-container\">\n\t\t\t\t\t<div class=\"gva-element-gva-heading-block gva-element\">   <div class=\"align-center style-1 widget gsc-heading box-align-center auto-responsive\">\r\n      <div class=\"content-inner\">\r\n         \r\n                  \r\n                     <div class=\"sub-title\"><span>Attivit\u00e0<\/span><\/div>\r\n           \r\n         \r\n                     <h2 class=\"title\">\r\n               <span>Attivit\u00e0 in Marocco per Ogni Viaggiatore<\/span>\r\n            <\/h2>\r\n                              <div class=\"title-desc\">Vivi il Marocco attraverso attivit\u00e0 emozionanti e autentiche.\nDalle avventure nel deserto alle esperienze culturali locali.\nScegli ci\u00f2 che rende il tuo viaggio davvero speciale.<\/div>\r\n         \r\n         \r\n      <\/div>\r\n   <\/div>\r\n<\/div>\t\t\t\t<\/div>\n\t\t\t\t<\/div>\n\t\t\t\t\t<\/div>\n\t\t<\/div>\n\t\t\t\t\t<\/div>\n\t\t<\/section>\n\t\t\t\t<section class=\"elementor-section elementor-top-section elementor-element elementor-element-1b90385 elementor-section-boxed elementor-section-height-default elementor-section-height-default row-top\" data-id=\"1b90385\" data-element_type=\"section\" data-e-type=\"section\">\n\t\t\t\t\t\t<div class=\"elementor-container elementor-column-gap-default\">\n\t\t\t\t\t<div class=\"elementor-column elementor-col-100 elementor-top-column elementor-element elementor-element-52e6004\" data-id=\"52e6004\" data-element_type=\"column\" data-e-type=\"column\">\n\t\t\t<div class=\"elementor-widget-wrap elementor-element-populated\">\n\t\t\t\t\t\t<div class=\"elementor-element elementor-element-3c51705 elementor-widget elementor-widget-gva_ba_booking\" data-id=\"3c51705\" data-element_type=\"widget\" data-e-type=\"widget\" data-widget_type=\"gva_ba_booking.default\">\n\t\t\t\t<div class=\"elementor-widget-container\">\n\t\t\t\t\t<div class=\"gva-element-gva_ba_booking gva-element\">  \r\n  \t<div class=\"gva-booking-grid clearfix gva-booking-allitems\">\r\n\t\t<div class=\"gva-content-items\"> \r\n\t\t\t<div class=\"lg-block-grid-3 md-block-grid-3 sm-block-grid-2 xs-block-grid-1 xx-block-grid-1\">\r\n\t\t\t\t<div class=\"item-column\">\r\n<div class=\"booking-block-3 ba-block-item\">\r\n\t<div class=\"babe-block-content\">\r\n\t\t<div class=\"post-image\">\r\n\t\t\t\t\t\t\t<a class=\"post-link\" href=\"https:\/\/najahlabs.com\/vacanzamarocco\/booking\/volo-in-mongolfiera-a-marrakech-allalba-vacanza-marocco\/\">\r\n\t\t\t\t\t<img decoding=\"async\" src=\"https:\/\/najahlabs.com\/vacanzamarocco\/wp-content\/uploads\/2026\/03\/ballooningmarrakech-600x600.jpg\" alt=\"Volo in Mongolfiera a Marrakech all&#039;Alba\">\r\n\t\t\t\t<\/a>\r\n\t\t\t  \r\n\r\n\t\t\t\r\n         \t\t<div class=\"wishlist-icon\">\r\n\t\t\t<a href=\"#\" data-post_id=\"1771\" class=\"ajax-wishlist-link wishlist-add\" title=\"Wishlist\">\r\n\t\t\t\t<i class=\"icon far fa-heart\"><\/i>\r\n\t\t\t\t\t\t\t<\/a>\r\n\t \t<\/div> \r\n\t\t\t\t<a class=\"overlay\" href=\"https:\/\/najahlabs.com\/vacanzamarocco\/booking\/volo-in-mongolfiera-a-marrakech-allalba-vacanza-marocco\/\"><\/a> \r\n         \r\n\t  \t<\/div>\r\n\r\n\t\t  <div class=\"booking-content\">\r\n\t\t\t\t<div class=\"content-inner\">\r\n\t\t\t\t\t\r\n\t\t\t\t\t<div class=\"content-top\">\r\n\t\t\t\t\t\t\r\n\t\t\t\t\t\t\t\t\t\t\t<\/div>\r\n\r\n\t\t\t\t\t<h3 class=\"title\">\r\n\t\t\t\t\t\t<a href=\"https:\/\/najahlabs.com\/vacanzamarocco\/booking\/volo-in-mongolfiera-a-marrakech-allalba-vacanza-marocco\/\">Volo in Mongolfiera a Marrakech all'Alba<\/a>\r\n\t\t\t\t\t<\/h3>\r\n\t\t\t\t\t\r\n\t\t\t\t\t\r\n\t\t\t\t\t\r\n\t\t\t\t<\/div>   \r\n\r\n\t\t  <\/div>\r\n\t <\/div>\r\n<\/div><\/div><div class=\"item-column\">\r\n<div class=\"booking-block-3 ba-block-item\">\r\n\t<div class=\"babe-block-content\">\r\n\t\t<div class=\"post-image\">\r\n\t\t\t\t\t\t\t<a class=\"post-link\" href=\"https:\/\/najahlabs.com\/vacanzamarocco\/booking\/tour-guidato-della-medina-di-marrakech-souq-palazzi-e-segreti-della-citta-rossa-vacanza-marocco\/\">\r\n\t\t\t\t\t<img decoding=\"async\" src=\"https:\/\/najahlabs.com\/vacanzamarocco\/wp-content\/uploads\/2026\/03\/WhatsApp-Image-2026-03-25-at-19.07.12-1-600x600.jpeg\" alt=\"Tour Guidato della Medina di Marrakech \u2013 Souq, Palazzi e Segreti della Citt\u00e0 Rossa\">\r\n\t\t\t\t<\/a>\r\n\t\t\t  \r\n\r\n\t\t\t\r\n         \t\t<div class=\"wishlist-icon\">\r\n\t\t\t<a href=\"#\" data-post_id=\"1774\" class=\"ajax-wishlist-link wishlist-add\" title=\"Wishlist\">\r\n\t\t\t\t<i class=\"icon far fa-heart\"><\/i>\r\n\t\t\t\t\t\t\t<\/a>\r\n\t \t<\/div> \r\n\t\t\t\t<a class=\"overlay\" href=\"https:\/\/najahlabs.com\/vacanzamarocco\/booking\/tour-guidato-della-medina-di-marrakech-souq-palazzi-e-segreti-della-citta-rossa-vacanza-marocco\/\"><\/a> \r\n         \r\n\t  \t<\/div>\r\n\r\n\t\t  <div class=\"booking-content\">\r\n\t\t\t\t<div class=\"content-inner\">\r\n\t\t\t\t\t\r\n\t\t\t\t\t<div class=\"content-top\">\r\n\t\t\t\t\t\t\r\n\t\t\t\t\t\t\t\t\t\t\t<\/div>\r\n\r\n\t\t\t\t\t<h3 class=\"title\">\r\n\t\t\t\t\t\t<a href=\"https:\/\/najahlabs.com\/vacanzamarocco\/booking\/tour-guidato-della-medina-di-marrakech-souq-palazzi-e-segreti-della-citta-rossa-vacanza-marocco\/\">Tour Guidato della Medina di Marrakech \u2013 Souq, Palazzi e Segreti della Citt\u00e0 Rossa<\/a>\r\n\t\t\t\t\t<\/h3>\r\n\t\t\t\t\t\r\n\t\t\t\t\t\r\n\t\t\t\t\t\r\n\t\t\t\t<\/div>   \r\n\r\n\t\t  <\/div>\r\n\t <\/div>\r\n<\/div><\/div><div class=\"item-column\">\r\n<div class=\"booking-block-3 ba-block-item\">\r\n\t<div class=\"babe-block-content\">\r\n\t\t<div class=\"post-image\">\r\n\t\t\t\t\t\t\t<a class=\"post-link\" href=\"https:\/\/najahlabs.com\/vacanzamarocco\/booking\/giro-in-cammello-nella-palmeraie-di-marrakech-vacanza-marocco\/\">\r\n\t\t\t\t\t<img decoding=\"async\" src=\"https:\/\/najahlabs.com\/vacanzamarocco\/wp-content\/uploads\/2026\/03\/marrakech-camel-600x600.jpg\" alt=\"Giro in Cammello nella Palmeraie di Marrakech\">\r\n\t\t\t\t<\/a>\r\n\t\t\t  \r\n\r\n\t\t\t\r\n         \t\t<div class=\"wishlist-icon\">\r\n\t\t\t<a href=\"#\" data-post_id=\"1775\" class=\"ajax-wishlist-link wishlist-add\" title=\"Wishlist\">\r\n\t\t\t\t<i class=\"icon far fa-heart\"><\/i>\r\n\t\t\t\t\t\t\t<\/a>\r\n\t \t<\/div> \r\n\t\t\t\t<a class=\"overlay\" href=\"https:\/\/najahlabs.com\/vacanzamarocco\/booking\/giro-in-cammello-nella-palmeraie-di-marrakech-vacanza-marocco\/\"><\/a> \r\n         \r\n\t  \t<\/div>\r\n\r\n\t\t  <div class=\"booking-content\">\r\n\t\t\t\t<div class=\"content-inner\">\r\n\t\t\t\t\t\r\n\t\t\t\t\t<div class=\"content-top\">\r\n\t\t\t\t\t\t\r\n\t\t\t\t\t\t\t\t\t\t\t<\/div>\r\n\r\n\t\t\t\t\t<h3 class=\"title\">\r\n\t\t\t\t\t\t<a href=\"https:\/\/najahlabs.com\/vacanzamarocco\/booking\/giro-in-cammello-nella-palmeraie-di-marrakech-vacanza-marocco\/\">Giro in Cammello nella Palmeraie di Marrakech<\/a>\r\n\t\t\t\t\t<\/h3>\r\n\t\t\t\t\t\r\n\t\t\t\t\t\r\n\t\t\t\t\t\r\n\t\t\t\t<\/div>   \r\n\r\n\t\t  <\/div>\r\n\t <\/div>\r\n<\/div><\/div><div class=\"item-column\">\r\n<div class=\"booking-block-3 ba-block-item\">\r\n\t<div class=\"babe-block-content\">\r\n\t\t<div class=\"post-image\">\r\n\t\t\t\t\t\t\t<a class=\"post-link\" href=\"https:\/\/najahlabs.com\/vacanzamarocco\/booking\/quad-biking-nel-deserto-di-agafay-da-marrakech-avventura-tra-le-dune-vacanza-marocco\/\">\r\n\t\t\t\t\t<img decoding=\"async\" src=\"https:\/\/najahlabs.com\/vacanzamarocco\/wp-content\/uploads\/2026\/03\/ATV-QUAD-BIKING-IN-AGAFAY-DUNES-DESERT-MARRAKECH-01-1-600x600.jpg\" alt=\"Quad Biking nel Deserto di Agafay da Marrakech \u2013 Avventura tra le Dune\">\r\n\t\t\t\t<\/a>\r\n\t\t\t  \r\n\r\n\t\t\t\r\n         \t\t<div class=\"wishlist-icon\">\r\n\t\t\t<a href=\"#\" data-post_id=\"1776\" class=\"ajax-wishlist-link wishlist-add\" title=\"Wishlist\">\r\n\t\t\t\t<i class=\"icon far fa-heart\"><\/i>\r\n\t\t\t\t\t\t\t<\/a>\r\n\t \t<\/div> \r\n\t\t\t\t<a class=\"overlay\" href=\"https:\/\/najahlabs.com\/vacanzamarocco\/booking\/quad-biking-nel-deserto-di-agafay-da-marrakech-avventura-tra-le-dune-vacanza-marocco\/\"><\/a> \r\n         \r\n\t  \t<\/div>\r\n\r\n\t\t  <div class=\"booking-content\">\r\n\t\t\t\t<div class=\"content-inner\">\r\n\t\t\t\t\t\r\n\t\t\t\t\t<div class=\"content-top\">\r\n\t\t\t\t\t\t\r\n\t\t\t\t\t\t\t\t\t\t\t<\/div>\r\n\r\n\t\t\t\t\t<h3 class=\"title\">\r\n\t\t\t\t\t\t<a href=\"https:\/\/najahlabs.com\/vacanzamarocco\/booking\/quad-biking-nel-deserto-di-agafay-da-marrakech-avventura-tra-le-dune-vacanza-marocco\/\">Quad Biking nel Deserto di Agafay da Marrakech \u2013 Avventura tra le Dune<\/a>\r\n\t\t\t\t\t<\/h3>\r\n\t\t\t\t\t\r\n\t\t\t\t\t\r\n\t\t\t\t\t\r\n\t\t\t\t<\/div>   \r\n\r\n\t\t  <\/div>\r\n\t <\/div>\r\n<\/div><\/div>\t\t\t<\/div>\r\n         <div class=\"babe_pager\"><div class=\"babe_pager_inner\"><\/div><\/div>\t\t<\/div>\r\n  \t<\/div>\r\n  <\/div>\t\t\t\t<\/div>\n\t\t\t\t<\/div>\n\t\t\t\t\t<\/div>\n\t\t<\/div>\n\t\t\t\t\t<\/div>\n\t\t<\/section>\n\t\t\t\t<section class=\"elementor-section elementor-top-section elementor-element elementor-element-6c88a12 elementor-section-boxed elementor-section-height-default elementor-section-height-default row-top\" data-id=\"6c88a12\" data-element_type=\"section\" data-e-type=\"section\">\n\t\t\t\t\t\t<div class=\"elementor-container elementor-column-gap-default\">\n\t\t\t\t\t<div class=\"elementor-column elementor-col-33 elementor-top-column elementor-element elementor-element-c0c69a7\" data-id=\"c0c69a7\" data-element_type=\"column\" data-e-type=\"column\">\n\t\t\t<div class=\"elementor-widget-wrap elementor-element-populated\">\n\t\t\t\t\t\t<div class=\"elementor-element elementor-element-15b1ad6 animated-fast elementor-invisible elementor-widget elementor-widget-gva_ba_banner\" data-id=\"15b1ad6\" data-element_type=\"widget\" data-e-type=\"widget\" data-settings=\"{&quot;_animation&quot;:&quot;fadeInLeft&quot;}\" data-widget_type=\"gva_ba_banner.default\">\n\t\t\t\t<div class=\"elementor-widget-container\">\n\t\t\t\t\t<div class=\"gva-element-gva_ba_banner gva-element\">\r\n<div class=\"gsc-booking-banner text-left style-1\">\r\n   <div class=\"listings-banner-content\">\r\n      \r\n      \r\n               <div class=\"banner-image\">\r\n            <img decoding=\"async\" src=\"https:\/\/najahlabs.com\/vacanzamarocco\/wp-content\/uploads\/2026\/03\/Picturesque-Ouzoud-Waterfalls-in-Morocco.jpg\" alt=\"Escursioni\" \/>\r\n         <\/div>\r\n      \r\n      <div class=\"banner-content\">\r\n         \r\n                     <div class=\"subtitle\">From<\/div>\r\n         \r\n                     <h3 class=\"title\">Escursioni<\/h3>\r\n         \r\n         \r\n      <\/div>\r\n\r\n                     \r\n   <\/div>\r\n<\/div><\/div>\t\t\t\t<\/div>\n\t\t\t\t<\/div>\n\t\t\t\t\t<\/div>\n\t\t<\/div>\n\t\t\t\t<div class=\"elementor-column elementor-col-33 elementor-top-column elementor-element elementor-element-3cf38bc\" data-id=\"3cf38bc\" data-element_type=\"column\" data-e-type=\"column\">\n\t\t\t<div class=\"elementor-widget-wrap elementor-element-populated\">\n\t\t\t\t\t\t<div class=\"elementor-element elementor-element-570b2aa animated-fast elementor-invisible elementor-widget elementor-widget-gva_ba_banner\" data-id=\"570b2aa\" data-element_type=\"widget\" data-e-type=\"widget\" data-settings=\"{&quot;_animation&quot;:&quot;fadeInUp&quot;}\" data-widget_type=\"gva_ba_banner.default\">\n\t\t\t\t<div class=\"elementor-widget-container\">\n\t\t\t\t\t<div class=\"gva-element-gva_ba_banner gva-element\">\r\n<div class=\"gsc-booking-banner text-left style-1\">\r\n   <div class=\"listings-banner-content\">\r\n      \r\n      \r\n               <div class=\"banner-image\">\r\n            <img decoding=\"async\" src=\"https:\/\/najahlabs.com\/vacanzamarocco\/wp-content\/uploads\/2026\/03\/marrakech2.jpg\" alt=\"Marrakech\" \/>\r\n         <\/div>\r\n      \r\n      <div class=\"banner-content\">\r\n         \r\n                     <div class=\"subtitle\">Circuiti Da<\/div>\r\n         \r\n                     <h3 class=\"title\">Marrakech<\/h3>\r\n         \r\n         \r\n      <\/div>\r\n\r\n                     \r\n   <\/div>\r\n<\/div><\/div>\t\t\t\t<\/div>\n\t\t\t\t<\/div>\n\t\t\t\t\t<\/div>\n\t\t<\/div>\n\t\t\t\t<div class=\"elementor-column elementor-col-33 elementor-top-column elementor-element elementor-element-91f14ef\" data-id=\"91f14ef\" data-element_type=\"column\" data-e-type=\"column\">\n\t\t\t<div class=\"elementor-widget-wrap elementor-element-populated\">\n\t\t\t\t\t\t<div class=\"elementor-element elementor-element-edc07a6 animated-fast elementor-invisible elementor-widget elementor-widget-gva_ba_banner\" data-id=\"edc07a6\" data-element_type=\"widget\" data-e-type=\"widget\" data-settings=\"{&quot;_animation&quot;:&quot;fadeInRight&quot;}\" data-widget_type=\"gva_ba_banner.default\">\n\t\t\t\t<div class=\"elementor-widget-container\">\n\t\t\t\t\t<div class=\"gva-element-gva_ba_banner gva-element\">\r\n<div class=\"gsc-booking-banner text-left style-1\">\r\n   <div class=\"listings-banner-content\">\r\n      \r\n      \r\n               <div class=\"banner-image\">\r\n            <img decoding=\"async\" src=\"https:\/\/najahlabs.com\/vacanzamarocco\/wp-content\/uploads\/2026\/03\/ZBtlDZYVtG0lphY2oIvU.jpg\" alt=\"Attivit\u00e0\" \/>\r\n         <\/div>\r\n      \r\n      <div class=\"banner-content\">\r\n         \r\n         \r\n                     <h3 class=\"title\">Attivit\u00e0<\/h3>\r\n         \r\n         \r\n      <\/div>\r\n\r\n                     \r\n   <\/div>\r\n<\/div><\/div>\t\t\t\t<\/div>\n\t\t\t\t<\/div>\n\t\t\t\t\t<\/div>\n\t\t<\/div>\n\t\t\t\t\t<\/div>\n\t\t<\/section>\n\t\t\t\t<section class=\"elementor-section elementor-top-section elementor-element elementor-element-272765e elementor-section-boxed elementor-section-height-default elementor-section-height-default row-top\" data-id=\"272765e\" data-element_type=\"section\" data-e-type=\"section\">\n\t\t\t\t\t\t<div class=\"elementor-container elementor-column-gap-default\">\n\t\t\t\t\t<div class=\"elementor-column elementor-col-50 elementor-top-column elementor-element elementor-element-2f34c44\" data-id=\"2f34c44\" data-element_type=\"column\" data-e-type=\"column\">\n\t\t\t<div class=\"elementor-widget-wrap elementor-element-populated\">\n\t\t\t\t\t\t<div class=\"elementor-element elementor-element-7e04b30 animated-fast elementor-invisible elementor-widget elementor-widget-gva_ba_banner\" data-id=\"7e04b30\" data-element_type=\"widget\" data-e-type=\"widget\" data-settings=\"{&quot;_animation&quot;:&quot;fadeInUp&quot;,&quot;_animation_delay&quot;:100}\" data-widget_type=\"gva_ba_banner.default\">\n\t\t\t\t<div class=\"elementor-widget-container\">\n\t\t\t\t\t<div class=\"gva-element-gva_ba_banner gva-element\">\r\n<div class=\"gsc-booking-banner text-left style-1\">\r\n   <div class=\"listings-banner-content\">\r\n      \r\n      \r\n               <div class=\"banner-image\">\r\n            <img decoding=\"async\" src=\"https:\/\/najahlabs.com\/vacanzamarocco\/wp-content\/uploads\/2026\/03\/casablanca.jpg\" alt=\"Casablanca\" \/>\r\n         <\/div>\r\n      \r\n      <div class=\"banner-content\">\r\n         \r\n                     <div class=\"subtitle\">Circuiti Da<\/div>\r\n         \r\n                     <h3 class=\"title\">Casablanca<\/h3>\r\n         \r\n         \r\n      <\/div>\r\n\r\n                     \r\n   <\/div>\r\n<\/div><\/div>\t\t\t\t<\/div>\n\t\t\t\t<\/div>\n\t\t\t\t\t<\/div>\n\t\t<\/div>\n\t\t\t\t<div class=\"elementor-column elementor-col-50 elementor-top-column elementor-element elementor-element-417be81\" data-id=\"417be81\" data-element_type=\"column\" data-e-type=\"column\">\n\t\t\t<div class=\"elementor-widget-wrap elementor-element-populated\">\n\t\t\t\t\t\t<div class=\"elementor-element elementor-element-8af3b96 animated-fast elementor-invisible elementor-widget elementor-widget-gva_ba_banner\" data-id=\"8af3b96\" data-element_type=\"widget\" data-e-type=\"widget\" data-settings=\"{&quot;_animation&quot;:&quot;fadeInUp&quot;,&quot;_animation_delay&quot;:200}\" data-widget_type=\"gva_ba_banner.default\">\n\t\t\t\t<div class=\"elementor-widget-container\">\n\t\t\t\t\t<div class=\"gva-element-gva_ba_banner gva-element\">\r\n<div class=\"gsc-booking-banner text-left style-1\">\r\n   <div class=\"listings-banner-content\">\r\n      \r\n      \r\n               <div class=\"banner-image\">\r\n            <img decoding=\"async\" src=\"https:\/\/najahlabs.com\/vacanzamarocco\/wp-content\/uploads\/2026\/03\/Fes-aerial-town.webp\" alt=\"Fes\" \/>\r\n         <\/div>\r\n      \r\n      <div class=\"banner-content\">\r\n         \r\n                     <div class=\"subtitle\">Circuiti Da<\/div>\r\n         \r\n                     <h3 class=\"title\">Fes<\/h3>\r\n         \r\n         \r\n      <\/div>\r\n\r\n                     \r\n   <\/div>\r\n<\/div><\/div>\t\t\t\t<\/div>\n\t\t\t\t<\/div>\n\t\t\t\t\t<\/div>\n\t\t<\/div>\n\t\t\t\t\t<\/div>\n\t\t<\/section>\n\t\t\t\t<\/div>\n\t\t","protected":false},"excerpt":{"rendered":"<p>Attivit\u00e0 Attivit\u00e0 in Marocco per Ogni Viaggiatore Vivi il Marocco attraverso attivit\u00e0 emozionanti e autentiche. Dalle avventure nel deserto alle esperienze culturali locali. Scegli ci\u00f2 che rende il tuo viaggio [&hellip;]<\/p>\n","protected":false},"author":1,"featured_media":0,"parent":0,"menu_order":0,"comment_status":"closed","ping_status":"closed","template":"","meta":{"footnotes":""},"class_list":["post-1211","page","type-page","status-publish","hentry"],"_links":{"self":[{"href":"https:\/\/najahlabs.com\/vacanzamarocco\/wp-json\/wp\/v2\/pages\/1211","targetHints":{"allow":["GET"]}}],"collection":[{"href":"https:\/\/najahlabs.com\/vacanzamarocco\/wp-json\/wp\/v2\/pages"}],"about":[{"href":"https:\/\/najahlabs.com\/vacanzamarocco\/wp-json\/wp\/v2\/types\/page"}],"author":[{"embeddable":true,"href":"https:\/\/najahlabs.com\/vacanzamarocco\/wp-json\/wp\/v2\/users\/1"}],"replies":[{"embeddable":true,"href":"https:\/\/najahlabs.com\/vacanzamarocco\/wp-json\/wp\/v2\/comments?post=1211"}],"version-history":[{"count":23,"href":"https:\/\/najahlabs.com\/vacanzamarocco\/wp-json\/wp\/v2\/pages\/1211\/revisions"}],"predecessor-version":[{"id":1891,"href":"https:\/\/najahlabs.com\/vacanzamarocco\/wp-json\/wp\/v2\/pages\/1211\/revisions\/1891"}],"wp:attachment":[{"href":"https:\/\/najahlabs.com\/vacanzamarocco\/wp-json\/wp\/v2\/media?parent=1211"}],"curies":[{"name":"wp","href":"https:\/\/api.w.org\/{rel}","templated":true}]}}